{"id":214,"date":"2024-04-15T10:37:33","date_gmt":"2024-04-15T08:37:33","guid":{"rendered":"https:\/\/olawisniewskafotografia.pl\/?page_id=214"},"modified":"2024-04-15T10:43:10","modified_gmt":"2024-04-15T08:43:10","slug":"kontakt","status":"publish","type":"page","link":"https:\/\/olawisniewskafotografia.pl\/index.php\/kontakt\/","title":{"rendered":"Kontakt"},"content":{"rendered":"\n<div class=\"wp-block-group alignfull has-global-padding is-layout-constrained wp-container-core-group-is-layout-7e874eaa wp-block-group-is-layout-constrained\" style=\"padding-top:var(--wp--preset--spacing--superbspacing-large);padding-right:var(--wp--preset--spacing--superbspacing-small);padding-bottom:var(--wp--preset--spacing--superbspacing-large);padding-left:var(--wp--preset--spacing--superbspacing-small)\">\n<div class=\"wp-block-columns alignwide is-layout-flex wp-container-core-columns-is-layout-25593187 wp-block-columns-is-layout-flex\">\n<div class=\"wp-block-column is-vertically-aligned-center is-layout-flow wp-container-core-column-is-layout-40a2a7e8 wp-block-column-is-layout-flow\" style=\"padding-right:0;padding-bottom:0;padding-left:0\">\n<figure class=\"wp-block-image size-large has-custom-border wp-duotone-unset-1\"><img loading=\"lazy\" decoding=\"async\" width=\"683\" height=\"1024\" src=\"https:\/\/olawisniewskafotografia.pl\/wp-content\/uploads\/2024\/04\/DSC2092-683x1024.jpg\" alt=\"\" class=\"wp-image-215\" style=\"border-radius:0px\" srcset=\"https:\/\/olawisniewskafotografia.pl\/wp-content\/uploads\/2024\/04\/DSC2092-683x1024.jpg 683w, https:\/\/olawisniewskafotografia.pl\/wp-content\/uploads\/2024\/04\/DSC2092-200x300.jpg 200w, https:\/\/olawisniewskafotografia.pl\/wp-content\/uploads\/2024\/04\/DSC2092-768x1152.jpg 768w, https:\/\/olawisniewskafotografia.pl\/wp-content\/uploads\/2024\/04\/DSC2092-1024x1536.jpg 1024w, https:\/\/olawisniewskafotografia.pl\/wp-content\/uploads\/2024\/04\/DSC2092.jpg 1080w\" sizes=\"auto, (max-width: 683px) 100vw, 683px\" \/><\/figure>\n<\/div>\n\n\n\n<div class=\"wp-block-column is-vertically-aligned-center is-layout-flow wp-container-core-column-is-layout-30be4402 wp-block-column-is-layout-flow\">\n<div class=\"wp-block-group has-global-padding is-layout-constrained wp-container-core-group-is-layout-85cc789f wp-block-group-is-layout-constrained\">\n<h2 class=\"wp-block-heading has-text-align-left has-contrast-color has-text-color has-superbfont-xlarge-font-size\">Zapraszam do kontaktu<\/h2>\n\n\n\n<p class=\"has-text-align-left has-secondary-color has-text-color has-superbfont-small-font-size\">Je\u015bli interesuje Cie wsp\u00f3\u0142praca ze mn\u0105 lub masz jakie\u015b pytania, napisz do mnie maila albo wy\u015blij prywatn\u0105 wiadomo\u015b\u0107 na Facebooku lub Instagramie. Odpowiadam w ci\u0105gu 24 godzin.<\/p>\n<\/div>\n\n\n\n<div class=\"wp-block-group has-global-padding is-layout-constrained wp-container-core-group-is-layout-85cc789f wp-block-group-is-layout-constrained\">\n<div class=\"wp-block-columns is-layout-flex wp-container-core-columns-is-layout-596307b8 wp-block-columns-is-layout-flex\">\n<div class=\"wp-block-column is-layout-flow wp-container-core-column-is-layout-b4584b45 wp-block-column-is-layout-flow\">\n<figure class=\"wp-block-image size-large is-resized\"><img decoding=\"async\" src=\"https:\/\/superbdemo.com\/superb-addons-images\/wp-content\/uploads\/2023\/08\/icon-email.png\" alt=\"\" style=\"width:32px;height:32px\"\/><\/figure>\n\n\n\n<h3 class=\"wp-block-heading has-primary-color has-text-color has-superbfont-xsmall-font-size\"><a href=\"mailto:olawisniewskafoto@gmail.com\" target=\"_blank\" rel=\"noreferrer noopener\">olawisniewskafoto@gmail.com<\/a><\/h3>\n\n\n\n<div class=\"wp-block-group has-base-background-color has-background is-vertical is-layout-flex wp-container-core-group-is-layout-da6736d2 wp-block-group-is-layout-flex\" style=\"border-style:none;border-width:0px;border-radius:0px;padding-top:0;padding-right:0;padding-bottom:0;padding-left:0\">\n<p class=\"has-secondary-color has-text-color has-superbfont-xxsmall-font-size\"><\/p>\n\n\n\n<ul class=\"wp-block-social-links aligncenter has-icon-color is-style-logos-only is-content-justification-right is-layout-flex wp-container-core-social-links-is-layout-d445cf74 wp-block-social-links-is-layout-flex\"><li style=\"color:#5850EC;\" class=\"wp-social-link wp-social-link-facebook has-primary-color wp-block-social-link\"><a href=\"https:\/\/www.facebook.com\/profile.php?id=100086994844416\" class=\"wp-block-social-link-anchor\"><svg width=\"24\" height=\"24\" viewBox=\"0 0 24 24\" version=\"1.1\" xmlns=\"http:\/\/www.w3.org\/2000\/svg\" aria-hidden=\"true\" focusable=\"false\"><path d=\"M12 2C6.5 2 2 6.5 2 12c0 5 3.7 9.1 8.4 9.9v-7H7.9V12h2.5V9.8c0-2.5 1.5-3.9 3.8-3.9 1.1 0 2.2.2 2.2.2v2.5h-1.3c-1.2 0-1.6.8-1.6 1.6V12h2.8l-.4 2.9h-2.3v7C18.3 21.1 22 17 22 12c0-5.5-4.5-10-10-10z\"><\/path><\/svg><span class=\"wp-block-social-link-label screen-reader-text\">Facebook<\/span><\/a><\/li>\n\n<li style=\"color:#5850EC;\" class=\"wp-social-link wp-social-link-instagram has-primary-color wp-block-social-link\"><a href=\"https:\/\/www.instagram.com\/olawisniewska_foto\/\" class=\"wp-block-social-link-anchor\"><svg width=\"24\" height=\"24\" viewBox=\"0 0 24 24\" version=\"1.1\" xmlns=\"http:\/\/www.w3.org\/2000\/svg\" aria-hidden=\"true\" focusable=\"false\"><path d=\"M12,4.622c2.403,0,2.688,0.009,3.637,0.052c0.877,0.04,1.354,0.187,1.671,0.31c0.42,0.163,0.72,0.358,1.035,0.673 c0.315,0.315,0.51,0.615,0.673,1.035c0.123,0.317,0.27,0.794,0.31,1.671c0.043,0.949,0.052,1.234,0.052,3.637 s-0.009,2.688-0.052,3.637c-0.04,0.877-0.187,1.354-0.31,1.671c-0.163,0.42-0.358,0.72-0.673,1.035 c-0.315,0.315-0.615,0.51-1.035,0.673c-0.317,0.123-0.794,0.27-1.671,0.31c-0.949,0.043-1.233,0.052-3.637,0.052 s-2.688-0.009-3.637-0.052c-0.877-0.04-1.354-0.187-1.671-0.31c-0.42-0.163-0.72-0.358-1.035-0.673 c-0.315-0.315-0.51-0.615-0.673-1.035c-0.123-0.317-0.27-0.794-0.31-1.671C4.631,14.688,4.622,14.403,4.622,12 s0.009-2.688,0.052-3.637c0.04-0.877,0.187-1.354,0.31-1.671c0.163-0.42,0.358-0.72,0.673-1.035 c0.315-0.315,0.615-0.51,1.035-0.673c0.317-0.123,0.794-0.27,1.671-0.31C9.312,4.631,9.597,4.622,12,4.622 M12,3 C9.556,3,9.249,3.01,8.289,3.054C7.331,3.098,6.677,3.25,6.105,3.472C5.513,3.702,5.011,4.01,4.511,4.511 c-0.5,0.5-0.808,1.002-1.038,1.594C3.25,6.677,3.098,7.331,3.054,8.289C3.01,9.249,3,9.556,3,12c0,2.444,0.01,2.751,0.054,3.711 c0.044,0.958,0.196,1.612,0.418,2.185c0.23,0.592,0.538,1.094,1.038,1.594c0.5,0.5,1.002,0.808,1.594,1.038 c0.572,0.222,1.227,0.375,2.185,0.418C9.249,20.99,9.556,21,12,21s2.751-0.01,3.711-0.054c0.958-0.044,1.612-0.196,2.185-0.418 c0.592-0.23,1.094-0.538,1.594-1.038c0.5-0.5,0.808-1.002,1.038-1.594c0.222-0.572,0.375-1.227,0.418-2.185 C20.99,14.751,21,14.444,21,12s-0.01-2.751-0.054-3.711c-0.044-0.958-0.196-1.612-0.418-2.185c-0.23-0.592-0.538-1.094-1.038-1.594 c-0.5-0.5-1.002-0.808-1.594-1.038c-0.572-0.222-1.227-0.375-2.185-0.418C14.751,3.01,14.444,3,12,3L12,3z M12,7.378 c-2.552,0-4.622,2.069-4.622,4.622S9.448,16.622,12,16.622s4.622-2.069,4.622-4.622S14.552,7.378,12,7.378z M12,15 c-1.657,0-3-1.343-3-3s1.343-3,3-3s3,1.343,3,3S13.657,15,12,15z M16.804,6.116c-0.596,0-1.08,0.484-1.08,1.08 s0.484,1.08,1.08,1.08c0.596,0,1.08-0.484,1.08-1.08S17.401,6.116,16.804,6.116z\"><\/path><\/svg><span class=\"wp-block-social-link-label screen-reader-text\">Instagram<\/span><\/a><\/li><\/ul>\n<\/div>\n<\/div>\n<\/div>\n<\/div>\n<\/div>\n<\/div>\n<\/div>\n","protected":false},"excerpt":{"rendered":"<p>Zapraszam do kontaktu Je\u015bli interesuje Cie wsp\u00f3\u0142praca ze mn\u0105 lub masz jakie\u015b pytania, napisz do mnie maila albo wy\u015blij prywatn\u0105 wiadomo\u015b\u0107 na Facebooku lub Instagramie. Odpowiadam w ci\u0105gu 24 godzin. olawisniewskafoto@gmail.com<\/p>\n","protected":false},"author":1,"featured_media":0,"parent":0,"menu_order":0,"comment_status":"closed","ping_status":"closed","template":"","meta":{"footnotes":""},"class_list":["post-214","page","type-page","status-publish","hentry"],"yoast_head":"<!-- This site is optimized with the Yoast SEO plugin v22.4 - https:\/\/yoast.com\/wordpress\/plugins\/seo\/ -->\n<title>Kontakt - Ola Wi\u015bniewska Fotografia<\/title>\n<meta name=\"robots\" content=\"index, follow, max-snippet:-1, max-image-preview:large, max-video-preview:-1\" \/>\n<link rel=\"canonical\" href=\"https:\/\/olawisniewskafotografia.pl\/index.php\/kontakt\/\" \/>\n<meta property=\"og:locale\" content=\"pl_PL\" \/>\n<meta property=\"og:type\" content=\"article\" \/>\n<meta property=\"og:title\" content=\"Kontakt - Ola Wi\u015bniewska Fotografia\" \/>\n<meta property=\"og:description\" content=\"Zapraszam do kontaktu Je\u015bli interesuje Cie wsp\u00f3\u0142praca ze mn\u0105 lub masz jakie\u015b pytania, napisz do mnie maila albo wy\u015blij prywatn\u0105 wiadomo\u015b\u0107 na Facebooku lub Instagramie. Odpowiadam w ci\u0105gu 24 godzin. olawisniewskafoto@gmail.com\" \/>\n<meta property=\"og:url\" content=\"https:\/\/olawisniewskafotografia.pl\/index.php\/kontakt\/\" \/>\n<meta property=\"og:site_name\" content=\"Ola Wi\u015bniewska Fotografia\" \/>\n<meta property=\"article:publisher\" content=\"https:\/\/www.facebook.com\/profile.php?id=100086994844416\" \/>\n<meta property=\"article:modified_time\" content=\"2024-04-15T08:43:10+00:00\" \/>\n<meta property=\"og:image\" content=\"https:\/\/olawisniewskafotografia.pl\/wp-content\/uploads\/2024\/04\/DSC2092-683x1024.jpg\" \/>\n<meta name=\"twitter:card\" content=\"summary_large_image\" \/>\n<script type=\"application\/ld+json\" class=\"yoast-schema-graph\">{\"@context\":\"https:\/\/schema.org\",\"@graph\":[{\"@type\":\"WebPage\",\"@id\":\"https:\/\/olawisniewskafotografia.pl\/index.php\/kontakt\/\",\"url\":\"https:\/\/olawisniewskafotografia.pl\/index.php\/kontakt\/\",\"name\":\"Kontakt - Ola Wi\u015bniewska Fotografia\",\"isPartOf\":{\"@id\":\"https:\/\/olawisniewskafotografia.pl\/#website\"},\"primaryImageOfPage\":{\"@id\":\"https:\/\/olawisniewskafotografia.pl\/index.php\/kontakt\/#primaryimage\"},\"image\":{\"@id\":\"https:\/\/olawisniewskafotografia.pl\/index.php\/kontakt\/#primaryimage\"},\"thumbnailUrl\":\"https:\/\/olawisniewskafotografia.pl\/wp-content\/uploads\/2024\/04\/DSC2092-683x1024.jpg\",\"datePublished\":\"2024-04-15T08:37:33+00:00\",\"dateModified\":\"2024-04-15T08:43:10+00:00\",\"breadcrumb\":{\"@id\":\"https:\/\/olawisniewskafotografia.pl\/index.php\/kontakt\/#breadcrumb\"},\"inLanguage\":\"pl-PL\",\"potentialAction\":[{\"@type\":\"ReadAction\",\"target\":[\"https:\/\/olawisniewskafotografia.pl\/index.php\/kontakt\/\"]}]},{\"@type\":\"ImageObject\",\"inLanguage\":\"pl-PL\",\"@id\":\"https:\/\/olawisniewskafotografia.pl\/index.php\/kontakt\/#primaryimage\",\"url\":\"https:\/\/olawisniewskafotografia.pl\/wp-content\/uploads\/2024\/04\/DSC2092.jpg\",\"contentUrl\":\"https:\/\/olawisniewskafotografia.pl\/wp-content\/uploads\/2024\/04\/DSC2092.jpg\",\"width\":1080,\"height\":1620},{\"@type\":\"BreadcrumbList\",\"@id\":\"https:\/\/olawisniewskafotografia.pl\/index.php\/kontakt\/#breadcrumb\",\"itemListElement\":[{\"@type\":\"ListItem\",\"position\":1,\"name\":\"Strona g\u0142\u00f3wna\",\"item\":\"https:\/\/olawisniewskafotografia.pl\/\"},{\"@type\":\"ListItem\",\"position\":2,\"name\":\"Kontakt\"}]},{\"@type\":\"WebSite\",\"@id\":\"https:\/\/olawisniewskafotografia.pl\/#website\",\"url\":\"https:\/\/olawisniewskafotografia.pl\/\",\"name\":\"Ola Wi\u015bniewska Fotografia\",\"description\":\"Naturalna fotografia rodzinna\",\"publisher\":{\"@id\":\"https:\/\/olawisniewskafotografia.pl\/#\/schema\/person\/6a037c4639ccb2eb4880eca595ab5212\"},\"potentialAction\":[{\"@type\":\"SearchAction\",\"target\":{\"@type\":\"EntryPoint\",\"urlTemplate\":\"https:\/\/olawisniewskafotografia.pl\/?s={search_term_string}\"},\"query-input\":\"required name=search_term_string\"}],\"inLanguage\":\"pl-PL\"},{\"@type\":[\"Person\",\"Organization\"],\"@id\":\"https:\/\/olawisniewskafotografia.pl\/#\/schema\/person\/6a037c4639ccb2eb4880eca595ab5212\",\"name\":\"Ola\",\"image\":{\"@type\":\"ImageObject\",\"inLanguage\":\"pl-PL\",\"@id\":\"https:\/\/olawisniewskafotografia.pl\/#\/schema\/person\/image\/\",\"url\":\"https:\/\/olawisniewskafotografia.pl\/wp-content\/uploads\/2024\/04\/magnolie_ja-1.jpg\",\"contentUrl\":\"https:\/\/olawisniewskafotografia.pl\/wp-content\/uploads\/2024\/04\/magnolie_ja-1.jpg\",\"width\":864,\"height\":1080,\"caption\":\"Ola\"},\"logo\":{\"@id\":\"https:\/\/olawisniewskafotografia.pl\/#\/schema\/person\/image\/\"},\"sameAs\":[\"http:\/\/olawisniewskafotografia.pl\",\"https:\/\/www.facebook.com\/profile.php?id=100086994844416\",\"https:\/\/www.instagram.com\/olawisniewska_foto\/\"]}]}<\/script>\n<!-- \/ Yoast SEO plugin. -->","yoast_head_json":{"title":"Kontakt - Ola Wi\u015bniewska Fotografia","robots":{"index":"index","follow":"follow","max-snippet":"max-snippet:-1","max-image-preview":"max-image-preview:large","max-video-preview":"max-video-preview:-1"},"canonical":"https:\/\/olawisniewskafotografia.pl\/index.php\/kontakt\/","og_locale":"pl_PL","og_type":"article","og_title":"Kontakt - Ola Wi\u015bniewska Fotografia","og_description":"Zapraszam do kontaktu Je\u015bli interesuje Cie wsp\u00f3\u0142praca ze mn\u0105 lub masz jakie\u015b pytania, napisz do mnie maila albo wy\u015blij prywatn\u0105 wiadomo\u015b\u0107 na Facebooku lub Instagramie. Odpowiadam w ci\u0105gu 24 godzin. olawisniewskafoto@gmail.com","og_url":"https:\/\/olawisniewskafotografia.pl\/index.php\/kontakt\/","og_site_name":"Ola Wi\u015bniewska Fotografia","article_publisher":"https:\/\/www.facebook.com\/profile.php?id=100086994844416","article_modified_time":"2024-04-15T08:43:10+00:00","og_image":[{"url":"https:\/\/olawisniewskafotografia.pl\/wp-content\/uploads\/2024\/04\/DSC2092-683x1024.jpg"}],"twitter_card":"summary_large_image","schema":{"@context":"https:\/\/schema.org","@graph":[{"@type":"WebPage","@id":"https:\/\/olawisniewskafotografia.pl\/index.php\/kontakt\/","url":"https:\/\/olawisniewskafotografia.pl\/index.php\/kontakt\/","name":"Kontakt - Ola Wi\u015bniewska Fotografia","isPartOf":{"@id":"https:\/\/olawisniewskafotografia.pl\/#website"},"primaryImageOfPage":{"@id":"https:\/\/olawisniewskafotografia.pl\/index.php\/kontakt\/#primaryimage"},"image":{"@id":"https:\/\/olawisniewskafotografia.pl\/index.php\/kontakt\/#primaryimage"},"thumbnailUrl":"https:\/\/olawisniewskafotografia.pl\/wp-content\/uploads\/2024\/04\/DSC2092-683x1024.jpg","datePublished":"2024-04-15T08:37:33+00:00","dateModified":"2024-04-15T08:43:10+00:00","breadcrumb":{"@id":"https:\/\/olawisniewskafotografia.pl\/index.php\/kontakt\/#breadcrumb"},"inLanguage":"pl-PL","potentialAction":[{"@type":"ReadAction","target":["https:\/\/olawisniewskafotografia.pl\/index.php\/kontakt\/"]}]},{"@type":"ImageObject","inLanguage":"pl-PL","@id":"https:\/\/olawisniewskafotografia.pl\/index.php\/kontakt\/#primaryimage","url":"https:\/\/olawisniewskafotografia.pl\/wp-content\/uploads\/2024\/04\/DSC2092.jpg","contentUrl":"https:\/\/olawisniewskafotografia.pl\/wp-content\/uploads\/2024\/04\/DSC2092.jpg","width":1080,"height":1620},{"@type":"BreadcrumbList","@id":"https:\/\/olawisniewskafotografia.pl\/index.php\/kontakt\/#breadcrumb","itemListElement":[{"@type":"ListItem","position":1,"name":"Strona g\u0142\u00f3wna","item":"https:\/\/olawisniewskafotografia.pl\/"},{"@type":"ListItem","position":2,"name":"Kontakt"}]},{"@type":"WebSite","@id":"https:\/\/olawisniewskafotografia.pl\/#website","url":"https:\/\/olawisniewskafotografia.pl\/","name":"Ola Wi\u015bniewska Fotografia","description":"Naturalna fotografia rodzinna","publisher":{"@id":"https:\/\/olawisniewskafotografia.pl\/#\/schema\/person\/6a037c4639ccb2eb4880eca595ab5212"},"potentialAction":[{"@type":"SearchAction","target":{"@type":"EntryPoint","urlTemplate":"https:\/\/olawisniewskafotografia.pl\/?s={search_term_string}"},"query-input":"required name=search_term_string"}],"inLanguage":"pl-PL"},{"@type":["Person","Organization"],"@id":"https:\/\/olawisniewskafotografia.pl\/#\/schema\/person\/6a037c4639ccb2eb4880eca595ab5212","name":"Ola","image":{"@type":"ImageObject","inLanguage":"pl-PL","@id":"https:\/\/olawisniewskafotografia.pl\/#\/schema\/person\/image\/","url":"https:\/\/olawisniewskafotografia.pl\/wp-content\/uploads\/2024\/04\/magnolie_ja-1.jpg","contentUrl":"https:\/\/olawisniewskafotografia.pl\/wp-content\/uploads\/2024\/04\/magnolie_ja-1.jpg","width":864,"height":1080,"caption":"Ola"},"logo":{"@id":"https:\/\/olawisniewskafotografia.pl\/#\/schema\/person\/image\/"},"sameAs":["http:\/\/olawisniewskafotografia.pl","https:\/\/www.facebook.com\/profile.php?id=100086994844416","https:\/\/www.instagram.com\/olawisniewska_foto\/"]}]}},"_links":{"self":[{"href":"https:\/\/olawisniewskafotografia.pl\/index.php\/wp-json\/wp\/v2\/pages\/214","targetHints":{"allow":["GET"]}}],"collection":[{"href":"https:\/\/olawisniewskafotografia.pl\/index.php\/wp-json\/wp\/v2\/pages"}],"about":[{"href":"https:\/\/olawisniewskafotografia.pl\/index.php\/wp-json\/wp\/v2\/types\/page"}],"author":[{"embeddable":true,"href":"https:\/\/olawisniewskafotografia.pl\/index.php\/wp-json\/wp\/v2\/users\/1"}],"replies":[{"embeddable":true,"href":"https:\/\/olawisniewskafotografia.pl\/index.php\/wp-json\/wp\/v2\/comments?post=214"}],"version-history":[{"count":2,"href":"https:\/\/olawisniewskafotografia.pl\/index.php\/wp-json\/wp\/v2\/pages\/214\/revisions"}],"predecessor-version":[{"id":221,"href":"https:\/\/olawisniewskafotografia.pl\/index.php\/wp-json\/wp\/v2\/pages\/214\/revisions\/221"}],"wp:attachment":[{"href":"https:\/\/olawisniewskafotografia.pl\/index.php\/wp-json\/wp\/v2\/media?parent=214"}],"curies":[{"name":"wp","href":"https:\/\/api.w.org\/{rel}","templated":true}]}}