{"id":203,"date":"2024-04-15T10:13:40","date_gmt":"2024-04-15T08:13:40","guid":{"rendered":"https:\/\/olawisniewskafotografia.pl\/?page_id=203"},"modified":"2024-05-21T09:52:58","modified_gmt":"2024-05-21T07:52:58","slug":"reportaz-z-chrztu","status":"publish","type":"page","link":"https:\/\/olawisniewskafotografia.pl\/index.php\/reportaz-z-chrztu\/","title":{"rendered":"Reporta\u017c z chrztu"},"content":{"rendered":"\n<div class=\"wp-block-group alignfull has-mono-4-background-color has-background has-global-padding is-layout-constrained wp-container-core-group-is-layout-f6481a42 wp-block-group-is-layout-constrained\" style=\"margin-top:0;margin-bottom:0;padding-top:var(--wp--preset--spacing--superbspacing-large);padding-right:var(--wp--preset--spacing--superbspacing-small);padding-bottom:var(--wp--preset--spacing--superbspacing-large);padding-left:var(--wp--preset--spacing--superbspacing-small)\">\n<div class=\"wp-block-columns alignwide is-layout-flex wp-container-core-columns-is-layout-25593187 wp-block-columns-is-layout-flex\">\n<div class=\"wp-block-column is-vertically-aligned-center is-layout-flow wp-container-core-column-is-layout-40a2a7e8 wp-block-column-is-layout-flow\" style=\"padding-right:0;padding-bottom:0;padding-left:0\">\n<figure class=\"wp-block-image size-large has-custom-border\"><img loading=\"lazy\" decoding=\"async\" width=\"1024\" height=\"683\" src=\"http:\/\/olawisniewskafotografia.pl\/wp-content\/uploads\/2024\/04\/K-19-1-1024x683.jpg\" alt=\"\" class=\"wp-image-131\" style=\"border-radius:8px\" srcset=\"https:\/\/olawisniewskafotografia.pl\/wp-content\/uploads\/2024\/04\/K-19-1-1024x683.jpg 1024w, https:\/\/olawisniewskafotografia.pl\/wp-content\/uploads\/2024\/04\/K-19-1-300x200.jpg 300w, https:\/\/olawisniewskafotografia.pl\/wp-content\/uploads\/2024\/04\/K-19-1-768x512.jpg 768w, https:\/\/olawisniewskafotografia.pl\/wp-content\/uploads\/2024\/04\/K-19-1.jpg 1080w\" sizes=\"auto, (max-width: 1024px) 100vw, 1024px\" \/><\/figure>\n<\/div>\n\n\n\n<div class=\"wp-block-column is-vertically-aligned-center is-layout-flow wp-container-core-column-is-layout-a1628350 wp-block-column-is-layout-flow\" style=\"padding-top:0;padding-right:0;padding-bottom:0;padding-left:0\">\n<div class=\"wp-block-group is-layout-flow wp-container-core-group-is-layout-ff697075 wp-block-group-is-layout-flow\">\n<p>W mojej ofercie znajdziesz 3 pakiety, od opcji podstawowej po pe\u0142en reporta\u017c z przygotowaniami i obiadem. Bez wzgl\u0119du na to, kt\u00f3ry wariant wybierzesz, przygotuj\u0119 dla Ciebie pi\u0119kn\u0105 opowie\u015b\u0107, a Tw\u00f3j Maluszek b\u0119dzie w jej centrum.<\/p>\n<\/div>\n\n\n\n<div class=\"wp-block-buttons is-layout-flex wp-container-core-buttons-is-layout-69f3c5ca wp-block-buttons-is-layout-flex\">\n<div class=\"wp-block-button has-custom-font-size has-superbfont-small-font-size\"><a class=\"wp-block-button__link wp-element-button\" style=\"padding-top:var(--wp--preset--spacing--superbspacing-xsmall);padding-right:var(--wp--preset--spacing--superbspacing-xsmall);padding-bottom:var(--wp--preset--spacing--superbspacing-xsmall);padding-left:var(--wp--preset--spacing--superbspacing-xsmall)\">zarezerwuj termin \u2192<\/a><\/div>\n\n\n\n<div class=\"wp-block-button has-custom-font-size is-style-outline has-superbfont-small-font-size is-style-outline--1\"><a class=\"wp-block-button__link has-primary-color has-text-color wp-element-button\" href=\"https:\/\/olawisniewskafotografia.pl\/index.php\/category\/reportaz-z-chrztu\/\" style=\"border-style:none;border-width:0px;padding-top:var(--wp--preset--spacing--superbspacing-xsmall);padding-right:var(--wp--preset--spacing--superbspacing-xsmall);padding-bottom:var(--wp--preset--spacing--superbspacing-xsmall);padding-left:var(--wp--preset--spacing--superbspacing-xsmall)\">Zobacz galeri\u0119<\/a><\/div>\n<\/div>\n<\/div>\n<\/div>\n<\/div>\n\n\n\n<div class=\"wp-block-group alignfull has-global-padding is-layout-constrained wp-container-core-group-is-layout-226e04bb wp-block-group-is-layout-constrained\" style=\"margin-top:0;margin-bottom:0;padding-top:var(--wp--preset--spacing--superbspacing-xxlarge);padding-right:var(--wp--preset--spacing--superbspacing-small);padding-bottom:var(--wp--preset--spacing--superbspacing-xxlarge);padding-left:var(--wp--preset--spacing--superbspacing-small)\">\n<div class=\"wp-block-columns alignwide are-vertically-aligned-top is-layout-flex wp-container-core-columns-is-layout-f9d87e41 wp-block-columns-is-layout-flex\">\n<div class=\"wp-block-column is-vertically-aligned-top is-layout-flow wp-container-core-column-is-layout-db2cb278 wp-block-column-is-layout-flow\">\n<div class=\"wp-block-group has-global-padding is-layout-constrained wp-container-core-group-is-layout-d598ad9d wp-block-group-is-layout-constrained\">\n<h3 class=\"wp-block-heading has-text-align-left has-contrast-color has-text-color has-alegreya-font-family has-superbfont-medium-font-size\">Pakiet I: 500 z\u0142<\/h3>\n\n\n\n<ul class=\"wp-block-list\">\n<li class=\"has-superbfont-xxsmall-font-size\">reporta\u017c z uroczysto\u015bci<\/li>\n\n\n\n<li class=\"has-superbfont-xxsmall-font-size\">rodzinna sesja pozowana po mszy \u015bw.<\/li>\n\n\n\n<li class=\"has-superbfont-xxsmall-font-size\">czas pracy: do 1,5 h<\/li>\n\n\n\n<li class=\"has-superbfont-xxsmall-font-size\">40 zdj\u0119\u0107 w formacie jpg poddanych autorskiej obr\u00f3bce<\/li>\n<\/ul>\n<\/div>\n<\/div>\n\n\n\n<div class=\"wp-block-column is-vertically-aligned-top is-layout-flow wp-container-core-column-is-layout-db2cb278 wp-block-column-is-layout-flow\">\n<div class=\"wp-block-group has-global-padding is-layout-constrained wp-container-core-group-is-layout-d598ad9d wp-block-group-is-layout-constrained\">\n<h3 class=\"wp-block-heading has-text-align-left has-contrast-color has-text-color has-alegreya-font-family has-superbfont-medium-font-size\">Pakiet II: 700 z\u0142<\/h3>\n\n\n\n<ul class=\"wp-block-list\">\n<li class=\"has-superbfont-xxsmall-font-size\">reporta\u017c z uroczysto\u015bci<\/li>\n\n\n\n<li class=\"has-superbfont-xxsmall-font-size\">rodzinna sesja pozowana po mszy \u015bw.<\/li>\n\n\n\n<li class=\"has-superbfont-xxsmall-font-size\">dodatkowy reporta\u017c z przygotowa\u0144 lub obiadu<\/li>\n\n\n\n<li class=\"has-superbfont-xxsmall-font-size\">czas pracy: do 3h<\/li>\n\n\n\n<li class=\"has-superbfont-xxsmall-font-size\">70 zdj\u0119\u0107 w formacie jpg, poddanych autorskiej obr\u00f3bce<\/li>\n<\/ul>\n<\/div>\n<\/div>\n\n\n\n<div class=\"wp-block-column is-vertically-aligned-top is-layout-flow wp-container-core-column-is-layout-db2cb278 wp-block-column-is-layout-flow\">\n<div class=\"wp-block-group has-global-padding is-layout-constrained wp-container-core-group-is-layout-d598ad9d wp-block-group-is-layout-constrained\">\n<h3 class=\"wp-block-heading has-text-align-left has-contrast-color has-text-color has-alegreya-font-family has-superbfont-medium-font-size\">Pakiet III: 900 z\u0142<\/h3>\n\n\n\n<ul class=\"has-superbfont-xsmall-font-size wp-block-list\">\n<li class=\"has-superbfont-xxsmall-font-size\">ca\u0142y reporta\u017c z przygotowa\u0144, uroczysto\u015bci i obiadu<\/li>\n\n\n\n<li class=\"has-superbfont-xxsmall-font-size\">rodzinna sesja pozowana<\/li>\n\n\n\n<li class=\"has-superbfont-xxsmall-font-size\">czas pracy: do 5h<\/li>\n\n\n\n<li class=\"has-superbfont-xxsmall-font-size\">130 zdj\u0119\u0107 w formacie jpg, poddanych autorskiej obr\u00f3bce<\/li>\n<\/ul>\n<\/div>\n<\/div>\n<\/div>\n<\/div>\n\n\n\n<p>Podane ceny obowi\u0105zuj\u0105 w Warszawie. Dojazd do innych miejscowo\u015bci dodatkowo p\u0142atny 2z\u0142\/km.<br><\/p>\n\n\n\n<p>Dodatkowe opcje:<br>&#8211; pakiet 50 odbitek 15&#215;21 w ozdobnym opakowaniu: 100 z\u0142<br>&#8211; harmonijka z 10 zdj\u0119ciami: 60 z\u0142<br>&#8211; minialbum: 200 z\u0142<\/p>\n\n\n\n<p><\/p>\n\n\n\n<p><\/p>\n","protected":false},"excerpt":{"rendered":"<p>W mojej ofercie znajdziesz 3 pakiety, od opcji podstawowej po pe\u0142en reporta\u017c z przygotowaniami i obiadem. Bez wzgl\u0119du na to, kt\u00f3ry wariant wybierzesz, przygotuj\u0119 dla Ciebie pi\u0119kn\u0105 opowie\u015b\u0107, a Tw\u00f3j Maluszek b\u0119dzie w jej centrum. Pakiet I: 500 z\u0142 Pakiet II: 700 z\u0142 Pakiet III: 900 z\u0142 Podane ceny obowi\u0105zuj\u0105 w Warszawie. Dojazd do innych [&hellip;]<\/p>\n","protected":false},"author":1,"featured_media":0,"parent":0,"menu_order":0,"comment_status":"closed","ping_status":"closed","template":"","meta":{"footnotes":""},"class_list":["post-203","page","type-page","status-publish","hentry"],"yoast_head":"<!-- This site is optimized with the Yoast SEO plugin v22.4 - https:\/\/yoast.com\/wordpress\/plugins\/seo\/ -->\n<title>Reporta\u017c z chrztu - Ola Wi\u015bniewska Fotografia<\/title>\n<meta name=\"robots\" content=\"index, follow, max-snippet:-1, max-image-preview:large, max-video-preview:-1\" \/>\n<link rel=\"canonical\" href=\"https:\/\/olawisniewskafotografia.pl\/index.php\/reportaz-z-chrztu\/\" \/>\n<meta property=\"og:locale\" content=\"pl_PL\" \/>\n<meta property=\"og:type\" content=\"article\" \/>\n<meta property=\"og:title\" content=\"Reporta\u017c z chrztu - Ola Wi\u015bniewska Fotografia\" \/>\n<meta property=\"og:description\" content=\"W mojej ofercie znajdziesz 3 pakiety, od opcji podstawowej po pe\u0142en reporta\u017c z przygotowaniami i obiadem. Bez wzgl\u0119du na to, kt\u00f3ry wariant wybierzesz, przygotuj\u0119 dla Ciebie pi\u0119kn\u0105 opowie\u015b\u0107, a Tw\u00f3j Maluszek b\u0119dzie w jej centrum. Pakiet I: 500 z\u0142 Pakiet II: 700 z\u0142 Pakiet III: 900 z\u0142 Podane ceny obowi\u0105zuj\u0105 w Warszawie. Dojazd do innych [&hellip;]\" \/>\n<meta property=\"og:url\" content=\"https:\/\/olawisniewskafotografia.pl\/index.php\/reportaz-z-chrztu\/\" \/>\n<meta property=\"og:site_name\" content=\"Ola Wi\u015bniewska Fotografia\" \/>\n<meta property=\"article:publisher\" content=\"https:\/\/www.facebook.com\/profile.php?id=100086994844416\" \/>\n<meta property=\"article:modified_time\" content=\"2024-05-21T07:52:58+00:00\" \/>\n<meta property=\"og:image\" content=\"http:\/\/olawisniewskafotografia.pl\/wp-content\/uploads\/2024\/04\/K-19-1-1024x683.jpg\" \/>\n<meta name=\"twitter:card\" content=\"summary_large_image\" \/>\n<meta name=\"twitter:label1\" content=\"Szacowany czas czytania\" \/>\n\t<meta name=\"twitter:data1\" content=\"2 minuty\" \/>\n<script type=\"application\/ld+json\" class=\"yoast-schema-graph\">{\"@context\":\"https:\/\/schema.org\",\"@graph\":[{\"@type\":\"WebPage\",\"@id\":\"https:\/\/olawisniewskafotografia.pl\/index.php\/reportaz-z-chrztu\/\",\"url\":\"https:\/\/olawisniewskafotografia.pl\/index.php\/reportaz-z-chrztu\/\",\"name\":\"Reporta\u017c z chrztu - Ola Wi\u015bniewska Fotografia\",\"isPartOf\":{\"@id\":\"https:\/\/olawisniewskafotografia.pl\/#website\"},\"primaryImageOfPage\":{\"@id\":\"https:\/\/olawisniewskafotografia.pl\/index.php\/reportaz-z-chrztu\/#primaryimage\"},\"image\":{\"@id\":\"https:\/\/olawisniewskafotografia.pl\/index.php\/reportaz-z-chrztu\/#primaryimage\"},\"thumbnailUrl\":\"http:\/\/olawisniewskafotografia.pl\/wp-content\/uploads\/2024\/04\/K-19-1-1024x683.jpg\",\"datePublished\":\"2024-04-15T08:13:40+00:00\",\"dateModified\":\"2024-05-21T07:52:58+00:00\",\"breadcrumb\":{\"@id\":\"https:\/\/olawisniewskafotografia.pl\/index.php\/reportaz-z-chrztu\/#breadcrumb\"},\"inLanguage\":\"pl-PL\",\"potentialAction\":[{\"@type\":\"ReadAction\",\"target\":[\"https:\/\/olawisniewskafotografia.pl\/index.php\/reportaz-z-chrztu\/\"]}]},{\"@type\":\"ImageObject\",\"inLanguage\":\"pl-PL\",\"@id\":\"https:\/\/olawisniewskafotografia.pl\/index.php\/reportaz-z-chrztu\/#primaryimage\",\"url\":\"https:\/\/olawisniewskafotografia.pl\/wp-content\/uploads\/2024\/04\/K-19-1.jpg\",\"contentUrl\":\"https:\/\/olawisniewskafotografia.pl\/wp-content\/uploads\/2024\/04\/K-19-1.jpg\",\"width\":1080,\"height\":720},{\"@type\":\"BreadcrumbList\",\"@id\":\"https:\/\/olawisniewskafotografia.pl\/index.php\/reportaz-z-chrztu\/#breadcrumb\",\"itemListElement\":[{\"@type\":\"ListItem\",\"position\":1,\"name\":\"Strona g\u0142\u00f3wna\",\"item\":\"https:\/\/olawisniewskafotografia.pl\/\"},{\"@type\":\"ListItem\",\"position\":2,\"name\":\"Reporta\u017c z chrztu\"}]},{\"@type\":\"WebSite\",\"@id\":\"https:\/\/olawisniewskafotografia.pl\/#website\",\"url\":\"https:\/\/olawisniewskafotografia.pl\/\",\"name\":\"Ola Wi\u015bniewska Fotografia\",\"description\":\"Naturalna fotografia rodzinna\",\"publisher\":{\"@id\":\"https:\/\/olawisniewskafotografia.pl\/#\/schema\/person\/6a037c4639ccb2eb4880eca595ab5212\"},\"potentialAction\":[{\"@type\":\"SearchAction\",\"target\":{\"@type\":\"EntryPoint\",\"urlTemplate\":\"https:\/\/olawisniewskafotografia.pl\/?s={search_term_string}\"},\"query-input\":\"required name=search_term_string\"}],\"inLanguage\":\"pl-PL\"},{\"@type\":[\"Person\",\"Organization\"],\"@id\":\"https:\/\/olawisniewskafotografia.pl\/#\/schema\/person\/6a037c4639ccb2eb4880eca595ab5212\",\"name\":\"Ola\",\"image\":{\"@type\":\"ImageObject\",\"inLanguage\":\"pl-PL\",\"@id\":\"https:\/\/olawisniewskafotografia.pl\/#\/schema\/person\/image\/\",\"url\":\"https:\/\/olawisniewskafotografia.pl\/wp-content\/uploads\/2024\/04\/magnolie_ja-1.jpg\",\"contentUrl\":\"https:\/\/olawisniewskafotografia.pl\/wp-content\/uploads\/2024\/04\/magnolie_ja-1.jpg\",\"width\":864,\"height\":1080,\"caption\":\"Ola\"},\"logo\":{\"@id\":\"https:\/\/olawisniewskafotografia.pl\/#\/schema\/person\/image\/\"},\"sameAs\":[\"http:\/\/olawisniewskafotografia.pl\",\"https:\/\/www.facebook.com\/profile.php?id=100086994844416\",\"https:\/\/www.instagram.com\/olawisniewska_foto\/\"]}]}<\/script>\n<!-- \/ Yoast SEO plugin. -->","yoast_head_json":{"title":"Reporta\u017c z chrztu - Ola Wi\u015bniewska Fotografia","robots":{"index":"index","follow":"follow","max-snippet":"max-snippet:-1","max-image-preview":"max-image-preview:large","max-video-preview":"max-video-preview:-1"},"canonical":"https:\/\/olawisniewskafotografia.pl\/index.php\/reportaz-z-chrztu\/","og_locale":"pl_PL","og_type":"article","og_title":"Reporta\u017c z chrztu - Ola Wi\u015bniewska Fotografia","og_description":"W mojej ofercie znajdziesz 3 pakiety, od opcji podstawowej po pe\u0142en reporta\u017c z przygotowaniami i obiadem. Bez wzgl\u0119du na to, kt\u00f3ry wariant wybierzesz, przygotuj\u0119 dla Ciebie pi\u0119kn\u0105 opowie\u015b\u0107, a Tw\u00f3j Maluszek b\u0119dzie w jej centrum. Pakiet I: 500 z\u0142 Pakiet II: 700 z\u0142 Pakiet III: 900 z\u0142 Podane ceny obowi\u0105zuj\u0105 w Warszawie. Dojazd do innych [&hellip;]","og_url":"https:\/\/olawisniewskafotografia.pl\/index.php\/reportaz-z-chrztu\/","og_site_name":"Ola Wi\u015bniewska Fotografia","article_publisher":"https:\/\/www.facebook.com\/profile.php?id=100086994844416","article_modified_time":"2024-05-21T07:52:58+00:00","og_image":[{"url":"http:\/\/olawisniewskafotografia.pl\/wp-content\/uploads\/2024\/04\/K-19-1-1024x683.jpg"}],"twitter_card":"summary_large_image","twitter_misc":{"Szacowany czas czytania":"2 minuty"},"schema":{"@context":"https:\/\/schema.org","@graph":[{"@type":"WebPage","@id":"https:\/\/olawisniewskafotografia.pl\/index.php\/reportaz-z-chrztu\/","url":"https:\/\/olawisniewskafotografia.pl\/index.php\/reportaz-z-chrztu\/","name":"Reporta\u017c z chrztu - Ola Wi\u015bniewska Fotografia","isPartOf":{"@id":"https:\/\/olawisniewskafotografia.pl\/#website"},"primaryImageOfPage":{"@id":"https:\/\/olawisniewskafotografia.pl\/index.php\/reportaz-z-chrztu\/#primaryimage"},"image":{"@id":"https:\/\/olawisniewskafotografia.pl\/index.php\/reportaz-z-chrztu\/#primaryimage"},"thumbnailUrl":"http:\/\/olawisniewskafotografia.pl\/wp-content\/uploads\/2024\/04\/K-19-1-1024x683.jpg","datePublished":"2024-04-15T08:13:40+00:00","dateModified":"2024-05-21T07:52:58+00:00","breadcrumb":{"@id":"https:\/\/olawisniewskafotografia.pl\/index.php\/reportaz-z-chrztu\/#breadcrumb"},"inLanguage":"pl-PL","potentialAction":[{"@type":"ReadAction","target":["https:\/\/olawisniewskafotografia.pl\/index.php\/reportaz-z-chrztu\/"]}]},{"@type":"ImageObject","inLanguage":"pl-PL","@id":"https:\/\/olawisniewskafotografia.pl\/index.php\/reportaz-z-chrztu\/#primaryimage","url":"https:\/\/olawisniewskafotografia.pl\/wp-content\/uploads\/2024\/04\/K-19-1.jpg","contentUrl":"https:\/\/olawisniewskafotografia.pl\/wp-content\/uploads\/2024\/04\/K-19-1.jpg","width":1080,"height":720},{"@type":"BreadcrumbList","@id":"https:\/\/olawisniewskafotografia.pl\/index.php\/reportaz-z-chrztu\/#breadcrumb","itemListElement":[{"@type":"ListItem","position":1,"name":"Strona g\u0142\u00f3wna","item":"https:\/\/olawisniewskafotografia.pl\/"},{"@type":"ListItem","position":2,"name":"Reporta\u017c z chrztu"}]},{"@type":"WebSite","@id":"https:\/\/olawisniewskafotografia.pl\/#website","url":"https:\/\/olawisniewskafotografia.pl\/","name":"Ola Wi\u015bniewska Fotografia","description":"Naturalna fotografia rodzinna","publisher":{"@id":"https:\/\/olawisniewskafotografia.pl\/#\/schema\/person\/6a037c4639ccb2eb4880eca595ab5212"},"potentialAction":[{"@type":"SearchAction","target":{"@type":"EntryPoint","urlTemplate":"https:\/\/olawisniewskafotografia.pl\/?s={search_term_string}"},"query-input":"required name=search_term_string"}],"inLanguage":"pl-PL"},{"@type":["Person","Organization"],"@id":"https:\/\/olawisniewskafotografia.pl\/#\/schema\/person\/6a037c4639ccb2eb4880eca595ab5212","name":"Ola","image":{"@type":"ImageObject","inLanguage":"pl-PL","@id":"https:\/\/olawisniewskafotografia.pl\/#\/schema\/person\/image\/","url":"https:\/\/olawisniewskafotografia.pl\/wp-content\/uploads\/2024\/04\/magnolie_ja-1.jpg","contentUrl":"https:\/\/olawisniewskafotografia.pl\/wp-content\/uploads\/2024\/04\/magnolie_ja-1.jpg","width":864,"height":1080,"caption":"Ola"},"logo":{"@id":"https:\/\/olawisniewskafotografia.pl\/#\/schema\/person\/image\/"},"sameAs":["http:\/\/olawisniewskafotografia.pl","https:\/\/www.facebook.com\/profile.php?id=100086994844416","https:\/\/www.instagram.com\/olawisniewska_foto\/"]}]}},"_links":{"self":[{"href":"https:\/\/olawisniewskafotografia.pl\/index.php\/wp-json\/wp\/v2\/pages\/203","targetHints":{"allow":["GET"]}}],"collection":[{"href":"https:\/\/olawisniewskafotografia.pl\/index.php\/wp-json\/wp\/v2\/pages"}],"about":[{"href":"https:\/\/olawisniewskafotografia.pl\/index.php\/wp-json\/wp\/v2\/types\/page"}],"author":[{"embeddable":true,"href":"https:\/\/olawisniewskafotografia.pl\/index.php\/wp-json\/wp\/v2\/users\/1"}],"replies":[{"embeddable":true,"href":"https:\/\/olawisniewskafotografia.pl\/index.php\/wp-json\/wp\/v2\/comments?post=203"}],"version-history":[{"count":6,"href":"https:\/\/olawisniewskafotografia.pl\/index.php\/wp-json\/wp\/v2\/pages\/203\/revisions"}],"predecessor-version":[{"id":463,"href":"https:\/\/olawisniewskafotografia.pl\/index.php\/wp-json\/wp\/v2\/pages\/203\/revisions\/463"}],"wp:attachment":[{"href":"https:\/\/olawisniewskafotografia.pl\/index.php\/wp-json\/wp\/v2\/media?parent=203"}],"curies":[{"name":"wp","href":"https:\/\/api.w.org\/{rel}","templated":true}]}}