{"id":147,"date":"2024-04-14T23:53:48","date_gmt":"2024-04-14T21:53:48","guid":{"rendered":"https:\/\/olawisniewskafotografia.pl\/?page_id=147"},"modified":"2024-09-16T19:16:26","modified_gmt":"2024-09-16T17:16:26","slug":"oferta","status":"publish","type":"page","link":"https:\/\/olawisniewskafotografia.pl\/index.php\/oferta\/","title":{"rendered":"Moja oferta"},"content":{"rendered":"\n<div class=\"wp-block-group alignfull has-global-padding is-layout-constrained wp-container-core-group-is-layout-c993cd81 wp-block-group-is-layout-constrained\" style=\"margin-top:0;margin-bottom:0;padding-top:var(--wp--preset--spacing--superbspacing-xxlarg);padding-right:var(--wp--preset--spacing--superbspacing-small);padding-bottom:var(--wp--preset--spacing--superbspacing-xxlarge);padding-left:var(--wp--preset--spacing--superbspacing-small)\">\n<div class=\"wp-block-columns alignwide is-layout-flex wp-container-core-columns-is-layout-f9d87e41 wp-block-columns-is-layout-flex\">\n<div class=\"wp-block-column is-vertically-aligned-center is-vertically-aligned-top is-layout-flow wp-container-core-column-is-layout-db2cb278 wp-block-column-is-layout-flow\">\n<figure class=\"wp-block-image aligncenter size-large has-custom-border\"><img loading=\"lazy\" decoding=\"async\" width=\"768\" height=\"1024\" src=\"http:\/\/olawisx.cluster028.hosting.ovh.net\/wp-content\/uploads\/2024\/04\/M-home-16-768x1024.jpg\" alt=\"\" class=\"wp-image-34\" style=\"border-radius:0px;object-fit:cover\" srcset=\"https:\/\/olawisniewskafotografia.pl\/wp-content\/uploads\/2024\/04\/M-home-16-768x1024.jpg 768w, https:\/\/olawisniewskafotografia.pl\/wp-content\/uploads\/2024\/04\/M-home-16-225x300.jpg 225w, https:\/\/olawisniewskafotografia.pl\/wp-content\/uploads\/2024\/04\/M-home-16.jpg 810w\" sizes=\"auto, (max-width: 768px) 100vw, 768px\" \/><\/figure>\n\n\n\n<div class=\"wp-block-group has-global-padding is-layout-constrained wp-container-core-group-is-layout-d598ad9d wp-block-group-is-layout-constrained\">\n<h3 class=\"wp-block-heading has-text-align-left has-contrast-color has-text-color has-alegreya-font-family has-superbfont-medium-font-size\">Sesje rodzinne<\/h3>\n\n\n\n<p class=\"has-text-align-left has-secondary-color has-text-color has-superbfont-xsmall-font-size\">W fotografii rodzinnej zale\u017cy mi na uchwyceniu Waszych relacji, rado\u015bci z przebywania razem, czu\u0142o\u015bci i blisko\u015bci. Tworz\u0119 naturalne kadry, bo naturalno\u015b\u0107 jest ponadczasowa i nie do podrobienia.<\/p>\n\n\n\n<h3 class=\"wp-block-heading has-text-align-left has-primary-color has-text-color has-superbfont-small-font-size\"><a href=\"https:\/\/olawisniewskafotografia.pl\/index.php\/sesje-rodzinne\/\" target=\"_blank\" rel=\"noreferrer noopener\">Wi\u0119cej \u2192<\/a><\/h3>\n<\/div>\n<\/div>\n\n\n\n<div class=\"wp-block-column is-vertically-aligned-center is-vertically-aligned-top is-layout-flow wp-container-core-column-is-layout-db2cb278 wp-block-column-is-layout-flow\">\n<figure class=\"wp-block-image aligncenter size-large has-custom-border\"><img loading=\"lazy\" decoding=\"async\" width=\"768\" height=\"1024\" src=\"http:\/\/olawisx.cluster028.hosting.ovh.net\/wp-content\/uploads\/2024\/04\/K-home-768x1024.jpg\" alt=\"\" class=\"wp-image-35\" style=\"border-radius:0px;object-fit:cover\" srcset=\"https:\/\/olawisniewskafotografia.pl\/wp-content\/uploads\/2024\/04\/K-home-768x1024.jpg 768w, https:\/\/olawisniewskafotografia.pl\/wp-content\/uploads\/2024\/04\/K-home-225x300.jpg 225w, https:\/\/olawisniewskafotografia.pl\/wp-content\/uploads\/2024\/04\/K-home.jpg 810w\" sizes=\"auto, (max-width: 768px) 100vw, 768px\" \/><\/figure>\n\n\n\n<div class=\"wp-block-group has-global-padding is-layout-constrained wp-container-core-group-is-layout-d598ad9d wp-block-group-is-layout-constrained\">\n<h3 class=\"wp-block-heading has-text-align-left has-contrast-color has-text-color has-alegreya-font-family has-superbfont-medium-font-size\">Reporta\u017ce<\/h3>\n\n\n\n<p class=\"has-text-align-left has-secondary-color has-text-color has-superbfont-xsmall-font-size\">Chrzest \u015bwi\u0119ty to wyj\u0105tkowe wydarzenie w \u017cyciu Twojego dziecka i okazja do spotkania z ca\u0142\u0105 rodzin\u0105. Ten dzie\u0144 b\u0119dzie obfitowa\u0142 w wiele emocji i wzrusze\u0144. Zadbaj o to, by mia\u0142 odpowiedni\u0105 opraw\u0119.<\/p>\n\n\n\n<h3 class=\"wp-block-heading has-text-align-left has-primary-color has-text-color has-superbfont-small-font-size\"><a href=\"https:\/\/olawisniewskafotografia.pl\/index.php\/reportaz-z-chrztu\/\" data-type=\"page\" data-id=\"203\">Wi\u0119cej \u2192<\/a><\/h3>\n<\/div>\n<\/div>\n<\/div>\n<\/div>\n","protected":false},"excerpt":{"rendered":"<p>Sesje rodzinne W fotografii rodzinnej zale\u017cy mi na uchwyceniu Waszych relacji, rado\u015bci z przebywania razem, czu\u0142o\u015bci i blisko\u015bci. Tworz\u0119 naturalne kadry, bo naturalno\u015b\u0107 jest ponadczasowa i nie do podrobienia. Wi\u0119cej \u2192 Reporta\u017ce Chrzest \u015bwi\u0119ty to wyj\u0105tkowe wydarzenie w \u017cyciu Twojego dziecka i okazja do spotkania z ca\u0142\u0105 rodzin\u0105. Ten dzie\u0144 b\u0119dzie obfitowa\u0142 w wiele emocji [&hellip;]<\/p>\n","protected":false},"author":1,"featured_media":0,"parent":0,"menu_order":0,"comment_status":"closed","ping_status":"closed","template":"","meta":{"footnotes":""},"class_list":["post-147","page","type-page","status-publish","hentry"],"yoast_head":"<!-- This site is optimized with the Yoast SEO plugin v22.4 - https:\/\/yoast.com\/wordpress\/plugins\/seo\/ -->\n<title>Moja oferta - Ola Wi\u015bniewska Fotografia<\/title>\n<meta name=\"description\" content=\"Naturalne sesje zdj\u0119ciowe: rodzinne, ci\u0105\u017cowe, noworodkowe, dla par. Reporta\u017c z chrztu. Sesje kobiece. Poznaj szczeg\u00f3\u0142y oferty.\" \/>\n<meta name=\"robots\" content=\"index, follow, max-snippet:-1, max-image-preview:large, max-video-preview:-1\" \/>\n<link rel=\"canonical\" href=\"https:\/\/olawisniewskafotografia.pl\/index.php\/oferta\/\" \/>\n<meta property=\"og:locale\" content=\"pl_PL\" \/>\n<meta property=\"og:type\" content=\"article\" \/>\n<meta property=\"og:title\" content=\"Moja oferta - Ola Wi\u015bniewska Fotografia\" \/>\n<meta property=\"og:description\" content=\"Naturalne sesje zdj\u0119ciowe: rodzinne, ci\u0105\u017cowe, noworodkowe, dla par. Reporta\u017c z chrztu. Sesje kobiece. Poznaj szczeg\u00f3\u0142y oferty.\" \/>\n<meta property=\"og:url\" content=\"https:\/\/olawisniewskafotografia.pl\/index.php\/oferta\/\" \/>\n<meta property=\"og:site_name\" content=\"Ola Wi\u015bniewska Fotografia\" \/>\n<meta property=\"article:publisher\" content=\"https:\/\/www.facebook.com\/profile.php?id=100086994844416\" \/>\n<meta property=\"article:modified_time\" content=\"2024-09-16T17:16:26+00:00\" \/>\n<meta property=\"og:image\" content=\"http:\/\/olawisx.cluster028.hosting.ovh.net\/wp-content\/uploads\/2024\/04\/M-home-16-768x1024.jpg\" \/>\n<meta name=\"twitter:card\" content=\"summary_large_image\" \/>\n<meta name=\"twitter:label1\" content=\"Szacowany czas czytania\" \/>\n\t<meta name=\"twitter:data1\" content=\"2 minuty\" \/>\n<script type=\"application\/ld+json\" class=\"yoast-schema-graph\">{\"@context\":\"https:\/\/schema.org\",\"@graph\":[{\"@type\":\"WebPage\",\"@id\":\"https:\/\/olawisniewskafotografia.pl\/index.php\/oferta\/\",\"url\":\"https:\/\/olawisniewskafotografia.pl\/index.php\/oferta\/\",\"name\":\"Moja oferta - Ola Wi\u015bniewska Fotografia\",\"isPartOf\":{\"@id\":\"https:\/\/olawisniewskafotografia.pl\/#website\"},\"primaryImageOfPage\":{\"@id\":\"https:\/\/olawisniewskafotografia.pl\/index.php\/oferta\/#primaryimage\"},\"image\":{\"@id\":\"https:\/\/olawisniewskafotografia.pl\/index.php\/oferta\/#primaryimage\"},\"thumbnailUrl\":\"http:\/\/olawisx.cluster028.hosting.ovh.net\/wp-content\/uploads\/2024\/04\/M-home-16-768x1024.jpg\",\"datePublished\":\"2024-04-14T21:53:48+00:00\",\"dateModified\":\"2024-09-16T17:16:26+00:00\",\"description\":\"Naturalne sesje zdj\u0119ciowe: rodzinne, ci\u0105\u017cowe, noworodkowe, dla par. Reporta\u017c z chrztu. Sesje kobiece. Poznaj szczeg\u00f3\u0142y oferty.\",\"breadcrumb\":{\"@id\":\"https:\/\/olawisniewskafotografia.pl\/index.php\/oferta\/#breadcrumb\"},\"inLanguage\":\"pl-PL\",\"potentialAction\":[{\"@type\":\"ReadAction\",\"target\":[\"https:\/\/olawisniewskafotografia.pl\/index.php\/oferta\/\"]}]},{\"@type\":\"ImageObject\",\"inLanguage\":\"pl-PL\",\"@id\":\"https:\/\/olawisniewskafotografia.pl\/index.php\/oferta\/#primaryimage\",\"url\":\"http:\/\/olawisx.cluster028.hosting.ovh.net\/wp-content\/uploads\/2024\/04\/M-home-16-768x1024.jpg\",\"contentUrl\":\"http:\/\/olawisx.cluster028.hosting.ovh.net\/wp-content\/uploads\/2024\/04\/M-home-16-768x1024.jpg\"},{\"@type\":\"BreadcrumbList\",\"@id\":\"https:\/\/olawisniewskafotografia.pl\/index.php\/oferta\/#breadcrumb\",\"itemListElement\":[{\"@type\":\"ListItem\",\"position\":1,\"name\":\"Strona g\u0142\u00f3wna\",\"item\":\"https:\/\/olawisniewskafotografia.pl\/\"},{\"@type\":\"ListItem\",\"position\":2,\"name\":\"Moja oferta\"}]},{\"@type\":\"WebSite\",\"@id\":\"https:\/\/olawisniewskafotografia.pl\/#website\",\"url\":\"https:\/\/olawisniewskafotografia.pl\/\",\"name\":\"Ola Wi\u015bniewska Fotografia\",\"description\":\"Naturalna fotografia rodzinna\",\"publisher\":{\"@id\":\"https:\/\/olawisniewskafotografia.pl\/#\/schema\/person\/6a037c4639ccb2eb4880eca595ab5212\"},\"potentialAction\":[{\"@type\":\"SearchAction\",\"target\":{\"@type\":\"EntryPoint\",\"urlTemplate\":\"https:\/\/olawisniewskafotografia.pl\/?s={search_term_string}\"},\"query-input\":\"required name=search_term_string\"}],\"inLanguage\":\"pl-PL\"},{\"@type\":[\"Person\",\"Organization\"],\"@id\":\"https:\/\/olawisniewskafotografia.pl\/#\/schema\/person\/6a037c4639ccb2eb4880eca595ab5212\",\"name\":\"Ola\",\"image\":{\"@type\":\"ImageObject\",\"inLanguage\":\"pl-PL\",\"@id\":\"https:\/\/olawisniewskafotografia.pl\/#\/schema\/person\/image\/\",\"url\":\"https:\/\/olawisniewskafotografia.pl\/wp-content\/uploads\/2024\/04\/magnolie_ja-1.jpg\",\"contentUrl\":\"https:\/\/olawisniewskafotografia.pl\/wp-content\/uploads\/2024\/04\/magnolie_ja-1.jpg\",\"width\":864,\"height\":1080,\"caption\":\"Ola\"},\"logo\":{\"@id\":\"https:\/\/olawisniewskafotografia.pl\/#\/schema\/person\/image\/\"},\"sameAs\":[\"http:\/\/olawisniewskafotografia.pl\",\"https:\/\/www.facebook.com\/profile.php?id=100086994844416\",\"https:\/\/www.instagram.com\/olawisniewska_foto\/\"]}]}<\/script>\n<!-- \/ Yoast SEO plugin. -->","yoast_head_json":{"title":"Moja oferta - Ola Wi\u015bniewska Fotografia","description":"Naturalne sesje zdj\u0119ciowe: rodzinne, ci\u0105\u017cowe, noworodkowe, dla par. Reporta\u017c z chrztu. Sesje kobiece. Poznaj szczeg\u00f3\u0142y oferty.","robots":{"index":"index","follow":"follow","max-snippet":"max-snippet:-1","max-image-preview":"max-image-preview:large","max-video-preview":"max-video-preview:-1"},"canonical":"https:\/\/olawisniewskafotografia.pl\/index.php\/oferta\/","og_locale":"pl_PL","og_type":"article","og_title":"Moja oferta - Ola Wi\u015bniewska Fotografia","og_description":"Naturalne sesje zdj\u0119ciowe: rodzinne, ci\u0105\u017cowe, noworodkowe, dla par. Reporta\u017c z chrztu. Sesje kobiece. Poznaj szczeg\u00f3\u0142y oferty.","og_url":"https:\/\/olawisniewskafotografia.pl\/index.php\/oferta\/","og_site_name":"Ola Wi\u015bniewska Fotografia","article_publisher":"https:\/\/www.facebook.com\/profile.php?id=100086994844416","article_modified_time":"2024-09-16T17:16:26+00:00","og_image":[{"url":"http:\/\/olawisx.cluster028.hosting.ovh.net\/wp-content\/uploads\/2024\/04\/M-home-16-768x1024.jpg"}],"twitter_card":"summary_large_image","twitter_misc":{"Szacowany czas czytania":"2 minuty"},"schema":{"@context":"https:\/\/schema.org","@graph":[{"@type":"WebPage","@id":"https:\/\/olawisniewskafotografia.pl\/index.php\/oferta\/","url":"https:\/\/olawisniewskafotografia.pl\/index.php\/oferta\/","name":"Moja oferta - Ola Wi\u015bniewska Fotografia","isPartOf":{"@id":"https:\/\/olawisniewskafotografia.pl\/#website"},"primaryImageOfPage":{"@id":"https:\/\/olawisniewskafotografia.pl\/index.php\/oferta\/#primaryimage"},"image":{"@id":"https:\/\/olawisniewskafotografia.pl\/index.php\/oferta\/#primaryimage"},"thumbnailUrl":"http:\/\/olawisx.cluster028.hosting.ovh.net\/wp-content\/uploads\/2024\/04\/M-home-16-768x1024.jpg","datePublished":"2024-04-14T21:53:48+00:00","dateModified":"2024-09-16T17:16:26+00:00","description":"Naturalne sesje zdj\u0119ciowe: rodzinne, ci\u0105\u017cowe, noworodkowe, dla par. Reporta\u017c z chrztu. Sesje kobiece. Poznaj szczeg\u00f3\u0142y oferty.","breadcrumb":{"@id":"https:\/\/olawisniewskafotografia.pl\/index.php\/oferta\/#breadcrumb"},"inLanguage":"pl-PL","potentialAction":[{"@type":"ReadAction","target":["https:\/\/olawisniewskafotografia.pl\/index.php\/oferta\/"]}]},{"@type":"ImageObject","inLanguage":"pl-PL","@id":"https:\/\/olawisniewskafotografia.pl\/index.php\/oferta\/#primaryimage","url":"http:\/\/olawisx.cluster028.hosting.ovh.net\/wp-content\/uploads\/2024\/04\/M-home-16-768x1024.jpg","contentUrl":"http:\/\/olawisx.cluster028.hosting.ovh.net\/wp-content\/uploads\/2024\/04\/M-home-16-768x1024.jpg"},{"@type":"BreadcrumbList","@id":"https:\/\/olawisniewskafotografia.pl\/index.php\/oferta\/#breadcrumb","itemListElement":[{"@type":"ListItem","position":1,"name":"Strona g\u0142\u00f3wna","item":"https:\/\/olawisniewskafotografia.pl\/"},{"@type":"ListItem","position":2,"name":"Moja oferta"}]},{"@type":"WebSite","@id":"https:\/\/olawisniewskafotografia.pl\/#website","url":"https:\/\/olawisniewskafotografia.pl\/","name":"Ola Wi\u015bniewska Fotografia","description":"Naturalna fotografia rodzinna","publisher":{"@id":"https:\/\/olawisniewskafotografia.pl\/#\/schema\/person\/6a037c4639ccb2eb4880eca595ab5212"},"potentialAction":[{"@type":"SearchAction","target":{"@type":"EntryPoint","urlTemplate":"https:\/\/olawisniewskafotografia.pl\/?s={search_term_string}"},"query-input":"required name=search_term_string"}],"inLanguage":"pl-PL"},{"@type":["Person","Organization"],"@id":"https:\/\/olawisniewskafotografia.pl\/#\/schema\/person\/6a037c4639ccb2eb4880eca595ab5212","name":"Ola","image":{"@type":"ImageObject","inLanguage":"pl-PL","@id":"https:\/\/olawisniewskafotografia.pl\/#\/schema\/person\/image\/","url":"https:\/\/olawisniewskafotografia.pl\/wp-content\/uploads\/2024\/04\/magnolie_ja-1.jpg","contentUrl":"https:\/\/olawisniewskafotografia.pl\/wp-content\/uploads\/2024\/04\/magnolie_ja-1.jpg","width":864,"height":1080,"caption":"Ola"},"logo":{"@id":"https:\/\/olawisniewskafotografia.pl\/#\/schema\/person\/image\/"},"sameAs":["http:\/\/olawisniewskafotografia.pl","https:\/\/www.facebook.com\/profile.php?id=100086994844416","https:\/\/www.instagram.com\/olawisniewska_foto\/"]}]}},"_links":{"self":[{"href":"https:\/\/olawisniewskafotografia.pl\/index.php\/wp-json\/wp\/v2\/pages\/147","targetHints":{"allow":["GET"]}}],"collection":[{"href":"https:\/\/olawisniewskafotografia.pl\/index.php\/wp-json\/wp\/v2\/pages"}],"about":[{"href":"https:\/\/olawisniewskafotografia.pl\/index.php\/wp-json\/wp\/v2\/types\/page"}],"author":[{"embeddable":true,"href":"https:\/\/olawisniewskafotografia.pl\/index.php\/wp-json\/wp\/v2\/users\/1"}],"replies":[{"embeddable":true,"href":"https:\/\/olawisniewskafotografia.pl\/index.php\/wp-json\/wp\/v2\/comments?post=147"}],"version-history":[{"count":19,"href":"https:\/\/olawisniewskafotografia.pl\/index.php\/wp-json\/wp\/v2\/pages\/147\/revisions"}],"predecessor-version":[{"id":470,"href":"https:\/\/olawisniewskafotografia.pl\/index.php\/wp-json\/wp\/v2\/pages\/147\/revisions\/470"}],"wp:attachment":[{"href":"https:\/\/olawisniewskafotografia.pl\/index.php\/wp-json\/wp\/v2\/media?parent=147"}],"curies":[{"name":"wp","href":"https:\/\/api.w.org\/{rel}","templated":true}]}}