{"id":137,"date":"2024-04-14T23:28:42","date_gmt":"2024-04-14T21:28:42","guid":{"rendered":"https:\/\/olawisniewskafotografia.pl\/?page_id=137"},"modified":"2024-04-22T11:41:45","modified_gmt":"2024-04-22T09:41:45","slug":"moje-portfolio","status":"publish","type":"page","link":"https:\/\/olawisniewskafotografia.pl\/index.php\/moje-portfolio\/","title":{"rendered":"Moje portfolio"},"content":{"rendered":"\n<div class=\"wp-block-query is-layout-flow wp-block-query-is-layout-flow\"><ul class=\"wp-block-post-template is-layout-flow wp-block-post-template-is-layout-flow\"><li class=\"wp-block-post post-432 post type-post status-publish format-standard has-post-thumbnail hentry category-reportaz-z-chrztu\">\n\n<div class=\"wp-block-columns alignwide is-layout-flex wp-container-core-columns-is-layout-28f84493 wp-block-columns-is-layout-flex\">\n<div class=\"wp-block-column is-layout-flow wp-block-column-is-layout-flow\" style=\"flex-basis:66.66%\"><figure class=\"wp-block-post-featured-image\"><a href=\"https:\/\/olawisniewskafotografia.pl\/index.php\/2024\/05\/21\/chrzest-swiety-olka\/\" target=\"_self\"  ><img loading=\"lazy\" decoding=\"async\" width=\"1080\" height=\"720\" src=\"https:\/\/olawisniewskafotografia.pl\/wp-content\/uploads\/2024\/05\/O1.jpg\" class=\"attachment-post-thumbnail size-post-thumbnail wp-post-image\" alt=\"Chrzest \u015bwi\u0119ty Olka\" style=\"object-fit:cover;\" srcset=\"https:\/\/olawisniewskafotografia.pl\/wp-content\/uploads\/2024\/05\/O1.jpg 1080w, https:\/\/olawisniewskafotografia.pl\/wp-content\/uploads\/2024\/05\/O1-300x200.jpg 300w, https:\/\/olawisniewskafotografia.pl\/wp-content\/uploads\/2024\/05\/O1-1024x683.jpg 1024w, https:\/\/olawisniewskafotografia.pl\/wp-content\/uploads\/2024\/05\/O1-768x512.jpg 768w\" sizes=\"auto, (max-width: 1080px) 100vw, 1080px\" \/><\/a><\/figure><\/div>\n\n\n\n<div class=\"wp-block-column is-layout-flow wp-block-column-is-layout-flow\" style=\"flex-basis:33.33%\"><h2 class=\"wp-block-post-title\"><a href=\"https:\/\/olawisniewskafotografia.pl\/index.php\/2024\/05\/21\/chrzest-swiety-olka\/\" target=\"_self\" >Chrzest \u015bwi\u0119ty Olka<\/a><\/h2>\n\n<div class=\"wp-block-post-excerpt\"><p class=\"wp-block-post-excerpt__excerpt\">Reporta\u017c z chrztu Olka po\u0142\u0105czony by\u0142 z domow\u0105 sesj\u0105 rodzinn\u0105, kt\u00f3r\u0105 zrealizowali\u015bmy podczas przygotowa\u0144. Je\u015bli marzy Wam si\u0119 taka sesja z Maluszkiem, zarezerwujcie sobie godzin\u0119 przed wyj\u015bciem do ko\u015bcio\u0142a.<\/p><p class=\"wp-block-post-excerpt__more-text\"><a class=\"wp-block-post-excerpt__more-link\" href=\"https:\/\/olawisniewskafotografia.pl\/index.php\/2024\/05\/21\/chrzest-swiety-olka\/\">Zobacz galeri\u0119<\/a><\/p><\/div><\/div>\n<\/div>\n\n<\/li><li class=\"wp-block-post post-391 post type-post status-publish format-standard has-post-thumbnail hentry category-sesja-noworodkowa-fresh48\">\n\n<div class=\"wp-block-columns alignwide is-layout-flex wp-container-core-columns-is-layout-28f84493 wp-block-columns-is-layout-flex\">\n<div class=\"wp-block-column is-layout-flow wp-block-column-is-layout-flow\" style=\"flex-basis:66.66%\"><figure class=\"wp-block-post-featured-image\"><a href=\"https:\/\/olawisniewskafotografia.pl\/index.php\/2024\/05\/10\/sesja-fresh-48-malenkiej-sofii-z-rodzina\/\" target=\"_self\"  ><img loading=\"lazy\" decoding=\"async\" width=\"1080\" height=\"720\" src=\"https:\/\/olawisniewskafotografia.pl\/wp-content\/uploads\/2024\/05\/fresh48-52-1.jpg\" class=\"attachment-post-thumbnail size-post-thumbnail wp-post-image\" alt=\"Sesja fresh 48 male\u0144kiej Sofii z rodzin\u0105\" style=\"object-fit:cover;\" srcset=\"https:\/\/olawisniewskafotografia.pl\/wp-content\/uploads\/2024\/05\/fresh48-52-1.jpg 1080w, https:\/\/olawisniewskafotografia.pl\/wp-content\/uploads\/2024\/05\/fresh48-52-1-300x200.jpg 300w, https:\/\/olawisniewskafotografia.pl\/wp-content\/uploads\/2024\/05\/fresh48-52-1-1024x683.jpg 1024w, https:\/\/olawisniewskafotografia.pl\/wp-content\/uploads\/2024\/05\/fresh48-52-1-768x512.jpg 768w\" sizes=\"auto, (max-width: 1080px) 100vw, 1080px\" \/><\/a><\/figure><\/div>\n\n\n\n<div class=\"wp-block-column is-layout-flow wp-block-column-is-layout-flow\" style=\"flex-basis:33.33%\"><h2 class=\"wp-block-post-title\"><a href=\"https:\/\/olawisniewskafotografia.pl\/index.php\/2024\/05\/10\/sesja-fresh-48-malenkiej-sofii-z-rodzina\/\" target=\"_self\" >Sesja fresh 48 male\u0144kiej Sofii z rodzin\u0105<\/a><\/h2>\n\n<div class=\"wp-block-post-excerpt\"><p class=\"wp-block-post-excerpt__excerpt\">Sesj\u0119 Sofii wykona\u0142am w jej drugiej dobie \u017cycia, w Instytucie Matki i Dziecka w Warszawie. Zobacz, z jak\u0105 czu\u0142o\u015bci\u0105 powitali ja na \u015bwiecie jej rodzice i starsza siostra.<\/p><p class=\"wp-block-post-excerpt__more-text\"><a class=\"wp-block-post-excerpt__more-link\" href=\"https:\/\/olawisniewskafotografia.pl\/index.php\/2024\/05\/10\/sesja-fresh-48-malenkiej-sofii-z-rodzina\/\">Zobacz galeri\u0119<\/a><\/p><\/div><\/div>\n<\/div>\n\n<\/li><li class=\"wp-block-post post-257 post type-post status-publish format-standard has-post-thumbnail hentry category-sesja-ciazowa category-sesja-domowa\">\n\n<div class=\"wp-block-columns alignwide is-layout-flex wp-container-core-columns-is-layout-28f84493 wp-block-columns-is-layout-flex\">\n<div class=\"wp-block-column is-layout-flow wp-block-column-is-layout-flow\" style=\"flex-basis:66.66%\"><figure class=\"wp-block-post-featured-image\"><a href=\"https:\/\/olawisniewskafotografia.pl\/index.php\/2024\/04\/16\/czekamy-na-ciebie-coreczko\/\" target=\"_self\"  ><img loading=\"lazy\" decoding=\"async\" width=\"1080\" height=\"720\" src=\"https:\/\/olawisniewskafotografia.pl\/wp-content\/uploads\/2024\/04\/DSC08240.jpg\" class=\"attachment-post-thumbnail size-post-thumbnail wp-post-image\" alt=\"Czekamy na Ciebie, c\u00f3reczko!\" style=\"object-fit:cover;\" srcset=\"https:\/\/olawisniewskafotografia.pl\/wp-content\/uploads\/2024\/04\/DSC08240.jpg 1080w, https:\/\/olawisniewskafotografia.pl\/wp-content\/uploads\/2024\/04\/DSC08240-300x200.jpg 300w, https:\/\/olawisniewskafotografia.pl\/wp-content\/uploads\/2024\/04\/DSC08240-1024x683.jpg 1024w, https:\/\/olawisniewskafotografia.pl\/wp-content\/uploads\/2024\/04\/DSC08240-768x512.jpg 768w\" sizes=\"auto, (max-width: 1080px) 100vw, 1080px\" \/><\/a><\/figure><\/div>\n\n\n\n<div class=\"wp-block-column is-layout-flow wp-block-column-is-layout-flow\" style=\"flex-basis:33.33%\"><h2 class=\"wp-block-post-title\"><a href=\"https:\/\/olawisniewskafotografia.pl\/index.php\/2024\/04\/16\/czekamy-na-ciebie-coreczko\/\" target=\"_self\" >Czekamy na Ciebie, c\u00f3reczko!<\/a><\/h2>\n\n<div class=\"wp-block-post-excerpt\"><p class=\"wp-block-post-excerpt__excerpt\">Okres oczekiwania na Maluszka to czas pe\u0142en rado\u015bci. A gdy czeka na Niego dw\u00f3jka rodze\u0144stwa i pies to wiadomo, \u017ce ju\u017c nied\u0142ugo w ca\u0142ym domu zrobi si\u0119 niez\u0142e zamieszanie.<\/p><p class=\"wp-block-post-excerpt__more-text\"><a class=\"wp-block-post-excerpt__more-link\" href=\"https:\/\/olawisniewskafotografia.pl\/index.php\/2024\/04\/16\/czekamy-na-ciebie-coreczko\/\">Zobacz galeri\u0119<\/a><\/p><\/div><\/div>\n<\/div>\n\n<\/li><\/ul><\/div>\n\n\n\n<div class=\"wp-block-group has-global-padding is-layout-constrained wp-block-group-is-layout-constrained\"><ul class=\"wp-block-categories-list wp-block-categories\">\t<li class=\"cat-item cat-item-8\"><a href=\"https:\/\/olawisniewskafotografia.pl\/index.php\/category\/dzieci\/\">dzieci<\/a>\n<\/li>\n\t<li class=\"cat-item cat-item-7\"><a href=\"https:\/\/olawisniewskafotografia.pl\/index.php\/category\/lifestyle\/\">lifestyle<\/a>\n<\/li>\n\t<li class=\"cat-item cat-item-11\"><a href=\"https:\/\/olawisniewskafotografia.pl\/index.php\/category\/plener\/\">plener<\/a>\n<\/li>\n\t<li class=\"cat-item cat-item-12\"><a href=\"https:\/\/olawisniewskafotografia.pl\/index.php\/category\/reportaz-z-chrztu\/\">reporta\u017c z chrztu<\/a>\n<\/li>\n\t<li class=\"cat-item cat-item-15\"><a href=\"https:\/\/olawisniewskafotografia.pl\/index.php\/category\/sesja-ciazowa\/\">sesja ci\u0105\u017cowa<\/a>\n<\/li>\n\t<li class=\"cat-item cat-item-14\"><a href=\"https:\/\/olawisniewskafotografia.pl\/index.php\/category\/sesja-domowa\/\">sesja domowa<\/a>\n<\/li>\n\t<li class=\"cat-item cat-item-13\"><a href=\"https:\/\/olawisniewskafotografia.pl\/index.php\/category\/sesja-noworodkowa\/\">sesja noworodkowa<\/a>\n<\/li>\n\t<li class=\"cat-item cat-item-16\"><a href=\"https:\/\/olawisniewskafotografia.pl\/index.php\/category\/sesja-noworodkowa-fresh48\/\">sesja noworodkowa fresh48<\/a>\n<\/li>\n\t<li class=\"cat-item cat-item-10\"><a href=\"https:\/\/olawisniewskafotografia.pl\/index.php\/category\/sesja-pary\/\">sesja pary<\/a>\n<\/li>\n\t<li class=\"cat-item cat-item-6\"><a href=\"https:\/\/olawisniewskafotografia.pl\/index.php\/category\/sesja-rodzinna\/\">sesja rodzinna<\/a>\n<\/li>\n<\/ul><\/div>\n\n\n","protected":false},"excerpt":{"rendered":"","protected":false},"author":1,"featured_media":0,"parent":0,"menu_order":0,"comment_status":"closed","ping_status":"closed","template":"","meta":{"footnotes":""},"class_list":["post-137","page","type-page","status-publish","hentry"],"yoast_head":"<!-- This site is optimized with the Yoast SEO plugin v22.4 - https:\/\/yoast.com\/wordpress\/plugins\/seo\/ -->\n<title>Moje portfolio - Ola Wi\u015bniewska Fotografia<\/title>\n<meta name=\"description\" content=\"Zobacz moje podej\u015bcie do fotografii i efekty moje pracy. Poznaj historie os\u00f3b, kt\u00f3re stan\u0119\u0142y przed moim obiektywem.\" \/>\n<meta name=\"robots\" content=\"index, follow, max-snippet:-1, max-image-preview:large, max-video-preview:-1\" \/>\n<link rel=\"canonical\" href=\"https:\/\/olawisniewskafotografia.pl\/index.php\/moje-portfolio\/\" \/>\n<meta property=\"og:locale\" content=\"pl_PL\" \/>\n<meta property=\"og:type\" content=\"article\" \/>\n<meta property=\"og:title\" content=\"Moje portfolio - Ola Wi\u015bniewska Fotografia\" \/>\n<meta property=\"og:description\" content=\"Zobacz moje podej\u015bcie do fotografii i efekty moje pracy. Poznaj historie os\u00f3b, kt\u00f3re stan\u0119\u0142y przed moim obiektywem.\" \/>\n<meta property=\"og:url\" content=\"https:\/\/olawisniewskafotografia.pl\/index.php\/moje-portfolio\/\" \/>\n<meta property=\"og:site_name\" content=\"Ola Wi\u015bniewska Fotografia\" \/>\n<meta property=\"article:publisher\" content=\"https:\/\/www.facebook.com\/profile.php?id=100086994844416\" \/>\n<meta property=\"article:modified_time\" content=\"2024-04-22T09:41:45+00:00\" \/>\n<meta name=\"twitter:card\" content=\"summary_large_image\" \/>\n<script type=\"application\/ld+json\" class=\"yoast-schema-graph\">{\"@context\":\"https:\/\/schema.org\",\"@graph\":[{\"@type\":\"WebPage\",\"@id\":\"https:\/\/olawisniewskafotografia.pl\/index.php\/moje-portfolio\/\",\"url\":\"https:\/\/olawisniewskafotografia.pl\/index.php\/moje-portfolio\/\",\"name\":\"Moje portfolio - Ola Wi\u015bniewska Fotografia\",\"isPartOf\":{\"@id\":\"https:\/\/olawisniewskafotografia.pl\/#website\"},\"datePublished\":\"2024-04-14T21:28:42+00:00\",\"dateModified\":\"2024-04-22T09:41:45+00:00\",\"description\":\"Zobacz moje podej\u015bcie do fotografii i efekty moje pracy. Poznaj historie os\u00f3b, kt\u00f3re stan\u0119\u0142y przed moim obiektywem.\",\"breadcrumb\":{\"@id\":\"https:\/\/olawisniewskafotografia.pl\/index.php\/moje-portfolio\/#breadcrumb\"},\"inLanguage\":\"pl-PL\",\"potentialAction\":[{\"@type\":\"ReadAction\",\"target\":[\"https:\/\/olawisniewskafotografia.pl\/index.php\/moje-portfolio\/\"]}]},{\"@type\":\"BreadcrumbList\",\"@id\":\"https:\/\/olawisniewskafotografia.pl\/index.php\/moje-portfolio\/#breadcrumb\",\"itemListElement\":[{\"@type\":\"ListItem\",\"position\":1,\"name\":\"Strona g\u0142\u00f3wna\",\"item\":\"https:\/\/olawisniewskafotografia.pl\/\"},{\"@type\":\"ListItem\",\"position\":2,\"name\":\"Moje portfolio\"}]},{\"@type\":\"WebSite\",\"@id\":\"https:\/\/olawisniewskafotografia.pl\/#website\",\"url\":\"https:\/\/olawisniewskafotografia.pl\/\",\"name\":\"Ola Wi\u015bniewska Fotografia\",\"description\":\"Naturalna fotografia rodzinna\",\"publisher\":{\"@id\":\"https:\/\/olawisniewskafotografia.pl\/#\/schema\/person\/6a037c4639ccb2eb4880eca595ab5212\"},\"potentialAction\":[{\"@type\":\"SearchAction\",\"target\":{\"@type\":\"EntryPoint\",\"urlTemplate\":\"https:\/\/olawisniewskafotografia.pl\/?s={search_term_string}\"},\"query-input\":\"required name=search_term_string\"}],\"inLanguage\":\"pl-PL\"},{\"@type\":[\"Person\",\"Organization\"],\"@id\":\"https:\/\/olawisniewskafotografia.pl\/#\/schema\/person\/6a037c4639ccb2eb4880eca595ab5212\",\"name\":\"Ola\",\"image\":{\"@type\":\"ImageObject\",\"inLanguage\":\"pl-PL\",\"@id\":\"https:\/\/olawisniewskafotografia.pl\/#\/schema\/person\/image\/\",\"url\":\"https:\/\/olawisniewskafotografia.pl\/wp-content\/uploads\/2024\/04\/magnolie_ja-1.jpg\",\"contentUrl\":\"https:\/\/olawisniewskafotografia.pl\/wp-content\/uploads\/2024\/04\/magnolie_ja-1.jpg\",\"width\":864,\"height\":1080,\"caption\":\"Ola\"},\"logo\":{\"@id\":\"https:\/\/olawisniewskafotografia.pl\/#\/schema\/person\/image\/\"},\"sameAs\":[\"http:\/\/olawisniewskafotografia.pl\",\"https:\/\/www.facebook.com\/profile.php?id=100086994844416\",\"https:\/\/www.instagram.com\/olawisniewska_foto\/\"]}]}<\/script>\n<!-- \/ Yoast SEO plugin. -->","yoast_head_json":{"title":"Moje portfolio - Ola Wi\u015bniewska Fotografia","description":"Zobacz moje podej\u015bcie do fotografii i efekty moje pracy. Poznaj historie os\u00f3b, kt\u00f3re stan\u0119\u0142y przed moim obiektywem.","robots":{"index":"index","follow":"follow","max-snippet":"max-snippet:-1","max-image-preview":"max-image-preview:large","max-video-preview":"max-video-preview:-1"},"canonical":"https:\/\/olawisniewskafotografia.pl\/index.php\/moje-portfolio\/","og_locale":"pl_PL","og_type":"article","og_title":"Moje portfolio - Ola Wi\u015bniewska Fotografia","og_description":"Zobacz moje podej\u015bcie do fotografii i efekty moje pracy. Poznaj historie os\u00f3b, kt\u00f3re stan\u0119\u0142y przed moim obiektywem.","og_url":"https:\/\/olawisniewskafotografia.pl\/index.php\/moje-portfolio\/","og_site_name":"Ola Wi\u015bniewska Fotografia","article_publisher":"https:\/\/www.facebook.com\/profile.php?id=100086994844416","article_modified_time":"2024-04-22T09:41:45+00:00","twitter_card":"summary_large_image","schema":{"@context":"https:\/\/schema.org","@graph":[{"@type":"WebPage","@id":"https:\/\/olawisniewskafotografia.pl\/index.php\/moje-portfolio\/","url":"https:\/\/olawisniewskafotografia.pl\/index.php\/moje-portfolio\/","name":"Moje portfolio - Ola Wi\u015bniewska Fotografia","isPartOf":{"@id":"https:\/\/olawisniewskafotografia.pl\/#website"},"datePublished":"2024-04-14T21:28:42+00:00","dateModified":"2024-04-22T09:41:45+00:00","description":"Zobacz moje podej\u015bcie do fotografii i efekty moje pracy. Poznaj historie os\u00f3b, kt\u00f3re stan\u0119\u0142y przed moim obiektywem.","breadcrumb":{"@id":"https:\/\/olawisniewskafotografia.pl\/index.php\/moje-portfolio\/#breadcrumb"},"inLanguage":"pl-PL","potentialAction":[{"@type":"ReadAction","target":["https:\/\/olawisniewskafotografia.pl\/index.php\/moje-portfolio\/"]}]},{"@type":"BreadcrumbList","@id":"https:\/\/olawisniewskafotografia.pl\/index.php\/moje-portfolio\/#breadcrumb","itemListElement":[{"@type":"ListItem","position":1,"name":"Strona g\u0142\u00f3wna","item":"https:\/\/olawisniewskafotografia.pl\/"},{"@type":"ListItem","position":2,"name":"Moje portfolio"}]},{"@type":"WebSite","@id":"https:\/\/olawisniewskafotografia.pl\/#website","url":"https:\/\/olawisniewskafotografia.pl\/","name":"Ola Wi\u015bniewska Fotografia","description":"Naturalna fotografia rodzinna","publisher":{"@id":"https:\/\/olawisniewskafotografia.pl\/#\/schema\/person\/6a037c4639ccb2eb4880eca595ab5212"},"potentialAction":[{"@type":"SearchAction","target":{"@type":"EntryPoint","urlTemplate":"https:\/\/olawisniewskafotografia.pl\/?s={search_term_string}"},"query-input":"required name=search_term_string"}],"inLanguage":"pl-PL"},{"@type":["Person","Organization"],"@id":"https:\/\/olawisniewskafotografia.pl\/#\/schema\/person\/6a037c4639ccb2eb4880eca595ab5212","name":"Ola","image":{"@type":"ImageObject","inLanguage":"pl-PL","@id":"https:\/\/olawisniewskafotografia.pl\/#\/schema\/person\/image\/","url":"https:\/\/olawisniewskafotografia.pl\/wp-content\/uploads\/2024\/04\/magnolie_ja-1.jpg","contentUrl":"https:\/\/olawisniewskafotografia.pl\/wp-content\/uploads\/2024\/04\/magnolie_ja-1.jpg","width":864,"height":1080,"caption":"Ola"},"logo":{"@id":"https:\/\/olawisniewskafotografia.pl\/#\/schema\/person\/image\/"},"sameAs":["http:\/\/olawisniewskafotografia.pl","https:\/\/www.facebook.com\/profile.php?id=100086994844416","https:\/\/www.instagram.com\/olawisniewska_foto\/"]}]}},"_links":{"self":[{"href":"https:\/\/olawisniewskafotografia.pl\/index.php\/wp-json\/wp\/v2\/pages\/137","targetHints":{"allow":["GET"]}}],"collection":[{"href":"https:\/\/olawisniewskafotografia.pl\/index.php\/wp-json\/wp\/v2\/pages"}],"about":[{"href":"https:\/\/olawisniewskafotografia.pl\/index.php\/wp-json\/wp\/v2\/types\/page"}],"author":[{"embeddable":true,"href":"https:\/\/olawisniewskafotografia.pl\/index.php\/wp-json\/wp\/v2\/users\/1"}],"replies":[{"embeddable":true,"href":"https:\/\/olawisniewskafotografia.pl\/index.php\/wp-json\/wp\/v2\/comments?post=137"}],"version-history":[{"count":6,"href":"https:\/\/olawisniewskafotografia.pl\/index.php\/wp-json\/wp\/v2\/pages\/137\/revisions"}],"predecessor-version":[{"id":345,"href":"https:\/\/olawisniewskafotografia.pl\/index.php\/wp-json\/wp\/v2\/pages\/137\/revisions\/345"}],"wp:attachment":[{"href":"https:\/\/olawisniewskafotografia.pl\/index.php\/wp-json\/wp\/v2\/media?parent=137"}],"curies":[{"name":"wp","href":"https:\/\/api.w.org\/{rel}","templated":true}]}}